{"id":293,"date":"2021-04-24T15:54:02","date_gmt":"2021-04-24T13:54:02","guid":{"rendered":"https:\/\/boehl-iggelheim.org\/?page_id=293"},"modified":"2021-06-02T11:06:24","modified_gmt":"2021-06-02T09:06:24","slug":"impressum","status":"publish","type":"page","link":"https:\/\/boehl-iggelheim.org\/?page_id=293","title":{"rendered":"Impressum"},"content":{"rendered":"\n<h3 class=\"wp-block-heading\" id=\"dsg-h3\">Verantwortlich im Sinne des \u00a7 5 TMG<\/h3>\n\n\n\n<p>B\u00fcrgerinitiative f\u00fcr B\u00f6hl-Iggelheim e.V.<br>Sandgasse 15<br>67459 B\u00f6hl-Iggelheim<br>eMail: u-roehrig@online.de<\/p>\n\n\n\n<p><br>Link zur&nbsp;<a rel=\"noreferrer noopener\" href=\"https:\/\/boehl-iggelheim.org\/?page_id=291\" target=\"_blank\">Datenschutzerkl\u00e4rung<\/a><\/p>\n","protected":false},"excerpt":{"rendered":"<p>Verantwortlich im Sinne des \u00a7 5 TMG B\u00fcrgerinitiative f\u00fcr B\u00f6hl-Iggelheim e.V.Sandgasse 1567459 B\u00f6hl-IggelheimeMail: u-roehrig@online.de Link zur&nbsp;Datenschutzerkl\u00e4rung<\/p>\n","protected":false},"author":1,"featured_media":0,"parent":0,"menu_order":0,"comment_status":"closed","ping_status":"closed","template":"","meta":{"footnotes":""},"_links":{"self":[{"href":"https:\/\/boehl-iggelheim.org\/index.php?rest_route=\/wp\/v2\/pages\/293"}],"collection":[{"href":"https:\/\/boehl-iggelheim.org\/index.php?rest_route=\/wp\/v2\/pages"}],"about":[{"href":"https:\/\/boehl-iggelheim.org\/index.php?rest_route=\/wp\/v2\/types\/page"}],"author":[{"embeddable":true,"href":"https:\/\/boehl-iggelheim.org\/index.php?rest_route=\/wp\/v2\/users\/1"}],"replies":[{"embeddable":true,"href":"https:\/\/boehl-iggelheim.org\/index.php?rest_route=%2Fwp%2Fv2%2Fcomments&post=293"}],"version-history":[{"count":4,"href":"https:\/\/boehl-iggelheim.org\/index.php?rest_route=\/wp\/v2\/pages\/293\/revisions"}],"predecessor-version":[{"id":348,"href":"https:\/\/boehl-iggelheim.org\/index.php?rest_route=\/wp\/v2\/pages\/293\/revisions\/348"}],"wp:attachment":[{"href":"https:\/\/boehl-iggelheim.org\/index.php?rest_route=%2Fwp%2Fv2%2Fmedia&parent=293"}],"curies":[{"name":"wp","href":"https:\/\/api.w.org\/{rel}","templated":true}]}}